{"id":182,"date":"2024-03-07T23:59:34","date_gmt":"2024-03-07T23:59:34","guid":{"rendered":"https:\/\/azcroisieres.fr\/?page_id=182"},"modified":"2024-03-08T00:05:24","modified_gmt":"2024-03-08T00:05:24","slug":"a-propos","status":"publish","type":"page","link":"https:\/\/azcroisieres.fr\/index.php\/a-propos\/","title":{"rendered":"A propos"},"content":{"rendered":"\t\t<div data-elementor-type=\"wp-page\" data-elementor-id=\"182\" class=\"elementor elementor-182\">\n\t\t\t\t<div class=\"elementor-element elementor-element-480f4b9 e-flex e-con-boxed e-con e-parent\" data-id=\"480f4b9\" data-element_type=\"container\" data-e-type=\"container\">\n\t\t\t\t\t<div class=\"e-con-inner\">\n\t\t\t\t<div class=\"elementor-element elementor-element-8d2e961 elementor-widget elementor-widget-text-editor\" data-id=\"8d2e961\" data-element_type=\"widget\" data-e-type=\"widget\" data-widget_type=\"text-editor.default\">\n\t\t\t\t<div class=\"elementor-widget-container\">\n\t\t\t\t\t\t\t\t\t<p>Bienvenue chez AvoyagesZ bis, votre agence de voyage de confiance situ\u00e9e au c\u0153ur de Paris ! Nous sommes fiers de vous offrir une exp\u00e9rience de voyage incomparable, o\u00f9 chaque d\u00e9tail est soigneusement planifi\u00e9 pour vous garantir des moments inoubliables.<\/p><p>Que vous souhaitiez r\u00e9server un vol pour une escapade rapide, trouver l&rsquo;endroit parfait o\u00f9 poser vos valises dans un h\u00f4tel confortable, ou m\u00eame embarquer pour une croisi\u00e8re de r\u00eave, notre \u00e9quipe d\u00e9vou\u00e9e est l\u00e0 pour vous accompagner \u00e0 chaque \u00e9tape de votre voyage.\u00a0<\/p><p>Chez AvoyagesZ bis, nous comprenons que la planification d&rsquo;un voyage peut parfois \u00eatre stressante. C&rsquo;est pourquoi nous nous effor\u00e7ons de rendre le processus aussi fluide que possible pour vous permettre de profiter pleinement de chaque moment.<\/p><p>Gr\u00e2ce \u00e0 notre division croisi\u00e8re sp\u00e9cialis\u00e9e, nous sommes en mesure d&rsquo;aller au-del\u00e0 de la simple r\u00e9servation et de vous offrir une exp\u00e9rience de voyage compl\u00e8te, de A \u00e0 Z. Que vous r\u00eaviez de naviguer sur les eaux turquoise des Cara\u00efbes, de d\u00e9couvrir les merveilles culturelles de la M\u00e9diterran\u00e9e ou de partir \u00e0 l&rsquo;aventure dans les fjords norv\u00e9giens, nous sommes l\u00e0 pour transformer vos r\u00eaves en r\u00e9alit\u00e9.<\/p><p>Laissez-nous prendre en charge tous les d\u00e9tails fastidieux afin que vous puissiez vous concentrer sur l&rsquo;essentiel : profiter pleinement de votre voyage.\u00a0<\/p><p>Avec AvoyagesZ bis, attendez-vous \u00e0 des voyages sans surprise, o\u00f9 chaque instant est soigneusement orchestr\u00e9 pour cr\u00e9er des souvenirs qui dureront toute une vie.<\/p><p>Contactez-nous d\u00e8s aujourd&rsquo;hui et laissez-nous vous aider \u00e0 planifier votre prochaine aventure !<\/p><p>.<\/p>\t\t\t\t\t\t\t\t<\/div>\n\t\t\t\t<\/div>\n\t\t\t\t\t<\/div>\n\t\t\t\t<\/div>\n\t\t<div class=\"elementor-element elementor-element-4cdddff e-flex e-con-boxed e-con e-parent\" data-id=\"4cdddff\" data-element_type=\"container\" data-e-type=\"container\">\n\t\t\t\t\t<div class=\"e-con-inner\">\n\t\t<div class=\"elementor-element elementor-element-bf01f9a e-con-full e-flex e-con e-child\" data-id=\"bf01f9a\" data-element_type=\"container\" data-e-type=\"container\">\n\t\t\t\t<div class=\"elementor-element elementor-element-d087b68 elementor-widget elementor-widget-text-editor\" data-id=\"d087b68\" data-element_type=\"widget\" data-e-type=\"widget\" data-widget_type=\"text-editor.default\">\n\t\t\t\t<div class=\"elementor-widget-container\">\n\t\t\t\t\t\t\t\t\t<p>\u00a0<\/p><p>Venez nous rencontrer \u00e0 l&rsquo;agence :<\/p><p>121 Bd Soult, 75012 Paris.<\/p><p>\u00a0<\/p>\t\t\t\t\t\t\t\t<\/div>\n\t\t\t\t<\/div>\n\t\t<div class=\"elementor-element elementor-element-82a2260 e-con-full e-flex e-con e-child\" data-id=\"82a2260\" data-element_type=\"container\" data-e-type=\"container\">\n\t\t\t\t<div class=\"elementor-element elementor-element-dee3d59 elementor-widget elementor-widget-heading\" data-id=\"dee3d59\" data-element_type=\"widget\" data-e-type=\"widget\" data-widget_type=\"heading.default\">\n\t\t\t\t<div class=\"elementor-widget-container\">\n\t\t\t\t\t<h2 class=\"elementor-heading-title elementor-size-default\">Vos conseillers croisi\u00e8res :<\/h2>\t\t\t\t<\/div>\n\t\t\t\t<\/div>\n\t\t\t\t<\/div>\n\t\t\t\t<\/div>\n\t\t<div class=\"elementor-element elementor-element-7b41f71 e-con-full e-flex e-con e-child\" data-id=\"7b41f71\" data-element_type=\"container\" data-e-type=\"container\">\n\t\t\t\t<div class=\"elementor-element elementor-element-01e5424 elementor-widget elementor-widget-google_maps\" data-id=\"01e5424\" data-element_type=\"widget\" data-e-type=\"widget\" data-widget_type=\"google_maps.default\">\n\t\t\t\t<div class=\"elementor-widget-container\">\n\t\t\t\t\t\t\t<div class=\"elementor-custom-embed\">\n\t\t\t<iframe loading=\"lazy\"\n\t\t\t\t\tsrc=\"https:\/\/maps.google.com\/maps?q=121%20Bd%20Soult%2C%2075012%20Paris&#038;t=m&#038;z=10&#038;output=embed&#038;iwloc=near\"\n\t\t\t\t\ttitle=\"121 Bd Soult, 75012 Paris\"\n\t\t\t\t\taria-label=\"121 Bd Soult, 75012 Paris\"\n\t\t\t><\/iframe>\n\t\t<\/div>\n\t\t\t\t\t\t<\/div>\n\t\t\t\t<\/div>\n\t\t\t\t<\/div>\n\t\t\t\t\t<\/div>\n\t\t\t\t<\/div>\n\t\t<div class=\"elementor-element elementor-element-3e117cd e-flex e-con-boxed e-con e-parent\" data-id=\"3e117cd\" data-element_type=\"container\" data-e-type=\"container\">\n\t\t\t\t\t<div class=\"e-con-inner\">\n\t\t<div class=\"elementor-element elementor-element-a887e1c e-con-full e-flex e-con e-child\" data-id=\"a887e1c\" data-element_type=\"container\" data-e-type=\"container\">\n\t\t\t\t<div class=\"elementor-element elementor-element-7182c78 elementor-widget elementor-widget-heading\" data-id=\"7182c78\" data-element_type=\"widget\" data-e-type=\"widget\" data-widget_type=\"heading.default\">\n\t\t\t\t<div class=\"elementor-widget-container\">\n\t\t\t\t\t<h2 class=\"elementor-heading-title elementor-size-default\">Franck - 07 68 77 46 37<\/h2>\t\t\t\t<\/div>\n\t\t\t\t<\/div>\n\t\t\t\t<div class=\"elementor-element elementor-element-d865757 elementor-widget elementor-widget-heading\" data-id=\"d865757\" data-element_type=\"widget\" data-e-type=\"widget\" data-widget_type=\"heading.default\">\n\t\t\t\t<div class=\"elementor-widget-container\">\n\t\t\t\t\t<h5 class=\"elementor-heading-title elementor-size-default\">Votre expert Tour du Monde<\/h5>\t\t\t\t<\/div>\n\t\t\t\t<\/div>\n\t\t\t\t<\/div>\n\t\t<div class=\"elementor-element elementor-element-798e15d e-con-full e-flex e-con e-child\" data-id=\"798e15d\" data-element_type=\"container\" data-e-type=\"container\">\n\t\t\t\t<div class=\"elementor-element elementor-element-0abf20d elementor-widget elementor-widget-heading\" data-id=\"0abf20d\" data-element_type=\"widget\" data-e-type=\"widget\" data-widget_type=\"heading.default\">\n\t\t\t\t<div class=\"elementor-widget-container\">\n\t\t\t\t\t<h2 class=\"elementor-heading-title elementor-size-default\">Rudy - 07 56 93 10 15<\/h2>\t\t\t\t<\/div>\n\t\t\t\t<\/div>\n\t\t\t\t<div class=\"elementor-element elementor-element-b6aea2c elementor-widget elementor-widget-heading\" data-id=\"b6aea2c\" data-element_type=\"widget\" data-e-type=\"widget\" data-widget_type=\"heading.default\">\n\t\t\t\t<div class=\"elementor-widget-container\">\n\t\t\t\t\t<h5 class=\"elementor-heading-title elementor-size-default\">Votre expert Exp\u00e9ditions<\/h5>\t\t\t\t<\/div>\n\t\t\t\t<\/div>\n\t\t\t\t<\/div>\n\t\t\t\t\t<\/div>\n\t\t\t\t<\/div>\n\t\t<div class=\"elementor-element elementor-element-83d0269 e-flex e-con-boxed e-con e-parent\" data-id=\"83d0269\" data-element_type=\"container\" data-e-type=\"container\">\n\t\t\t\t\t<div class=\"e-con-inner\">\n\t\t<div class=\"elementor-element elementor-element-b0ef0dd e-con-full e-flex e-con e-child\" data-id=\"b0ef0dd\" data-element_type=\"container\" data-e-type=\"container\">\n\t\t\t\t<div class=\"elementor-element elementor-element-e40d45d elementor-widget elementor-widget-image\" data-id=\"e40d45d\" data-element_type=\"widget\" data-e-type=\"widget\" data-widget_type=\"image.default\">\n\t\t\t\t<div class=\"elementor-widget-container\">\n\t\t\t\t\t\t\t\t\t\t\t\t\t\t\t<img fetchpriority=\"high\" decoding=\"async\" width=\"640\" height=\"333\" src=\"https:\/\/azcroisieres.fr\/wp-content\/uploads\/2024\/03\/Image1-1024x532.jpg\" class=\"attachment-large size-large wp-image-184\" alt=\"\" srcset=\"https:\/\/azcroisieres.fr\/wp-content\/uploads\/2024\/03\/Image1-1024x532.jpg 1024w, https:\/\/azcroisieres.fr\/wp-content\/uploads\/2024\/03\/Image1-300x156.jpg 300w, https:\/\/azcroisieres.fr\/wp-content\/uploads\/2024\/03\/Image1-768x399.jpg 768w, https:\/\/azcroisieres.fr\/wp-content\/uploads\/2024\/03\/Image1.jpg 1280w\" sizes=\"(max-width: 640px) 100vw, 640px\" \/>\t\t\t\t\t\t\t\t\t\t\t\t\t\t\t<\/div>\n\t\t\t\t<\/div>\n\t\t\t\t<\/div>\n\t\t<div class=\"elementor-element elementor-element-7fd0f09 e-con-full e-flex e-con e-child\" data-id=\"7fd0f09\" data-element_type=\"container\" data-e-type=\"container\">\n\t\t\t\t<div class=\"elementor-element elementor-element-28f2f6f elementor-widget elementor-widget-image\" data-id=\"28f2f6f\" data-element_type=\"widget\" data-e-type=\"widget\" data-widget_type=\"image.default\">\n\t\t\t\t<div class=\"elementor-widget-container\">\n\t\t\t\t\t\t\t\t\t\t\t\t\t\t\t<img decoding=\"async\" width=\"640\" height=\"357\" src=\"https:\/\/azcroisieres.fr\/wp-content\/uploads\/2024\/03\/croisiere_grandsvoyages.jpg\" class=\"attachment-large size-large wp-image-185\" alt=\"\" srcset=\"https:\/\/azcroisieres.fr\/wp-content\/uploads\/2024\/03\/croisiere_grandsvoyages.jpg 960w, https:\/\/azcroisieres.fr\/wp-content\/uploads\/2024\/03\/croisiere_grandsvoyages-300x168.jpg 300w, https:\/\/azcroisieres.fr\/wp-content\/uploads\/2024\/03\/croisiere_grandsvoyages-768x429.jpg 768w\" sizes=\"(max-width: 640px) 100vw, 640px\" \/>\t\t\t\t\t\t\t\t\t\t\t\t\t\t\t<\/div>\n\t\t\t\t<\/div>\n\t\t\t\t<\/div>\n\t\t\t\t\t<\/div>\n\t\t\t\t<\/div>\n\t\t\t\t<\/div>\n\t\t","protected":false},"excerpt":{"rendered":"<p>Bienvenue chez AvoyagesZ bis, votre agence de voyage de confiance situ\u00e9e au c\u0153ur de Paris ! Nous sommes fiers de vous offrir une exp\u00e9rience de voyage incomparable, o\u00f9 chaque d\u00e9tail est soigneusement planifi\u00e9 pour vous garantir des moments inoubliables. Que vous souhaitiez r\u00e9server un vol pour une escapade rapide, trouver l&rsquo;endroit parfait o\u00f9 poser vos [&hellip;]<\/p>\n","protected":false},"author":1,"featured_media":0,"parent":0,"menu_order":0,"comment_status":"closed","ping_status":"closed","template":"","meta":{"_joinchat":[],"footnotes":""},"class_list":["post-182","page","type-page","status-publish","hentry"],"_links":{"self":[{"href":"https:\/\/azcroisieres.fr\/index.php\/wp-json\/wp\/v2\/pages\/182","targetHints":{"allow":["GET"]}}],"collection":[{"href":"https:\/\/azcroisieres.fr\/index.php\/wp-json\/wp\/v2\/pages"}],"about":[{"href":"https:\/\/azcroisieres.fr\/index.php\/wp-json\/wp\/v2\/types\/page"}],"author":[{"embeddable":true,"href":"https:\/\/azcroisieres.fr\/index.php\/wp-json\/wp\/v2\/users\/1"}],"replies":[{"embeddable":true,"href":"https:\/\/azcroisieres.fr\/index.php\/wp-json\/wp\/v2\/comments?post=182"}],"version-history":[{"count":4,"href":"https:\/\/azcroisieres.fr\/index.php\/wp-json\/wp\/v2\/pages\/182\/revisions"}],"predecessor-version":[{"id":188,"href":"https:\/\/azcroisieres.fr\/index.php\/wp-json\/wp\/v2\/pages\/182\/revisions\/188"}],"wp:attachment":[{"href":"https:\/\/azcroisieres.fr\/index.php\/wp-json\/wp\/v2\/media?parent=182"}],"curies":[{"name":"wp","href":"https:\/\/api.w.org\/{rel}","templated":true}]}}