{"id":2,"date":"2024-02-25T12:29:42","date_gmt":"2024-02-25T12:29:42","guid":{"rendered":"http:\/\/azcroisieres.fr\/?page_id=2"},"modified":"2024-03-06T14:11:54","modified_gmt":"2024-03-06T14:11:54","slug":"sample-page","status":"publish","type":"page","link":"https:\/\/azcroisieres.fr\/","title":{"rendered":"Accueil"},"content":{"rendered":"\t\t<div data-elementor-type=\"wp-page\" data-elementor-id=\"2\" class=\"elementor elementor-2\">\n\t\t\t\t<div class=\"elementor-element elementor-element-4433802 e-con-full e-flex e-con e-parent\" data-id=\"4433802\" data-element_type=\"container\" data-e-type=\"container\">\n\t\t\t\t<\/div>\n\t\t<div class=\"elementor-element elementor-element-6c61f45 e-flex e-con-boxed e-con e-parent\" data-id=\"6c61f45\" data-element_type=\"container\" data-e-type=\"container\" data-settings=\"{&quot;background_background&quot;:&quot;classic&quot;}\">\n\t\t\t\t\t<div class=\"e-con-inner\">\n\t\t<div class=\"elementor-element elementor-element-4e7d2d7 e-con-full e-flex e-con e-child\" data-id=\"4e7d2d7\" data-element_type=\"container\" data-e-type=\"container\">\n\t\t\t\t<div class=\"elementor-element elementor-element-64818ca elementor-widget-divider--view-line elementor-widget elementor-widget-divider\" data-id=\"64818ca\" data-element_type=\"widget\" data-e-type=\"widget\" data-widget_type=\"divider.default\">\n\t\t\t\t<div class=\"elementor-widget-container\">\n\t\t\t\t\t\t\t<div class=\"elementor-divider\">\n\t\t\t<span class=\"elementor-divider-separator\">\n\t\t\t\t\t\t<\/span>\n\t\t<\/div>\n\t\t\t\t\t\t<\/div>\n\t\t\t\t<\/div>\n\t\t\t\t<\/div>\n\t\t<div class=\"elementor-element elementor-element-290cd61 e-con-full e-flex e-con e-child\" data-id=\"290cd61\" data-element_type=\"container\" data-e-type=\"container\">\n\t\t\t\t<div class=\"elementor-element elementor-element-9c88ee4 elementor-widget elementor-widget-heading\" data-id=\"9c88ee4\" data-element_type=\"widget\" data-e-type=\"widget\" data-widget_type=\"heading.default\">\n\t\t\t\t<div class=\"elementor-widget-container\">\n\t\t\t\t\t<h2 class=\"elementor-heading-title elementor-size-default\">Trouvez votre voyage par Destination<\/h2>\t\t\t\t<\/div>\n\t\t\t\t<\/div>\n\t\t\t\t<\/div>\n\t\t<div class=\"elementor-element elementor-element-cc8e355 e-con-full e-flex e-con e-child\" data-id=\"cc8e355\" data-element_type=\"container\" data-e-type=\"container\">\n\t\t\t\t<div class=\"elementor-element elementor-element-2c6c61e elementor-widget-divider--view-line elementor-widget elementor-widget-divider\" data-id=\"2c6c61e\" data-element_type=\"widget\" data-e-type=\"widget\" data-widget_type=\"divider.default\">\n\t\t\t\t<div class=\"elementor-widget-container\">\n\t\t\t\t\t\t\t<div class=\"elementor-divider\">\n\t\t\t<span class=\"elementor-divider-separator\">\n\t\t\t\t\t\t<\/span>\n\t\t<\/div>\n\t\t\t\t\t\t<\/div>\n\t\t\t\t<\/div>\n\t\t\t\t<\/div>\n\t\t\t\t\t<\/div>\n\t\t\t\t<\/div>\n\t\t<div class=\"elementor-element elementor-element-a87f878 e-flex e-con-boxed e-con e-parent\" data-id=\"a87f878\" data-element_type=\"container\" data-e-type=\"container\">\n\t\t\t\t\t<div class=\"e-con-inner\">\n\t\t<div class=\"elementor-element elementor-element-9390166 e-con-full e-flex e-con e-child\" data-id=\"9390166\" data-element_type=\"container\" data-e-type=\"container\">\n\t\t\t\t<div class=\"elementor-element elementor-element-67a7b65 elementor-invisible elementor-widget elementor-widget-heading\" data-id=\"67a7b65\" data-element_type=\"widget\" data-e-type=\"widget\" data-settings=\"{&quot;_animation&quot;:&quot;fadeInDown&quot;}\" data-widget_type=\"heading.default\">\n\t\t\t\t<div class=\"elementor-widget-container\">\n\t\t\t\t\t<h2 class=\"elementor-heading-title elementor-size-default\">Tour du Monde<\/h2>\t\t\t\t<\/div>\n\t\t\t\t<\/div>\n\t\t\t\t<div class=\"elementor-element elementor-element-950fafb elementor-widget elementor-widget-image\" data-id=\"950fafb\" data-element_type=\"widget\" data-e-type=\"widget\" data-widget_type=\"image.default\">\n\t\t\t\t<div class=\"elementor-widget-container\">\n\t\t\t\t\t\t\t\t\t\t\t\t\t\t\t<img fetchpriority=\"high\" decoding=\"async\" width=\"463\" height=\"360\" src=\"https:\/\/azcroisieres.fr\/wp-content\/uploads\/2024\/02\/Tour-du-monde-1.jpg\" class=\"attachment-large size-large wp-image-43\" alt=\"\" srcset=\"https:\/\/azcroisieres.fr\/wp-content\/uploads\/2024\/02\/Tour-du-monde-1.jpg 463w, https:\/\/azcroisieres.fr\/wp-content\/uploads\/2024\/02\/Tour-du-monde-1-300x233.jpg 300w\" sizes=\"(max-width: 463px) 100vw, 463px\" \/>\t\t\t\t\t\t\t\t\t\t\t\t\t\t\t<\/div>\n\t\t\t\t<\/div>\n\t\t\t\t<\/div>\n\t\t<div class=\"elementor-element elementor-element-c91e99e e-con-full e-flex e-con e-child\" data-id=\"c91e99e\" data-element_type=\"container\" data-e-type=\"container\">\n\t\t\t\t<div class=\"elementor-element elementor-element-a94e343 elementor-invisible elementor-widget elementor-widget-heading\" data-id=\"a94e343\" data-element_type=\"widget\" data-e-type=\"widget\" data-settings=\"{&quot;_animation&quot;:&quot;fadeInUp&quot;}\" data-widget_type=\"heading.default\">\n\t\t\t\t<div class=\"elementor-widget-container\">\n\t\t\t\t\t<h2 class=\"elementor-heading-title elementor-size-default\">Medit\u00e9rann\u00e9e<\/h2>\t\t\t\t<\/div>\n\t\t\t\t<\/div>\n\t\t\t\t<div class=\"elementor-element elementor-element-dced720 elementor-widget elementor-widget-image\" data-id=\"dced720\" data-element_type=\"widget\" data-e-type=\"widget\" data-widget_type=\"image.default\">\n\t\t\t\t<div class=\"elementor-widget-container\">\n\t\t\t\t\t\t\t\t\t\t\t\t\t\t\t<img decoding=\"async\" width=\"296\" height=\"230\" src=\"https:\/\/azcroisieres.fr\/wp-content\/uploads\/2024\/02\/Med.jpg\" class=\"attachment-large size-large wp-image-41\" alt=\"\" \/>\t\t\t\t\t\t\t\t\t\t\t\t\t\t\t<\/div>\n\t\t\t\t<\/div>\n\t\t\t\t<\/div>\n\t\t<div class=\"elementor-element elementor-element-6f262c6 e-con-full e-flex e-con e-child\" data-id=\"6f262c6\" data-element_type=\"container\" data-e-type=\"container\">\n\t\t\t\t<div class=\"elementor-element elementor-element-22a74fc elementor-invisible elementor-widget elementor-widget-heading\" data-id=\"22a74fc\" data-element_type=\"widget\" data-e-type=\"widget\" data-settings=\"{&quot;_animation&quot;:&quot;fadeInLeft&quot;}\" data-widget_type=\"heading.default\">\n\t\t\t\t<div class=\"elementor-widget-container\">\n\t\t\t\t\t<h2 class=\"elementor-heading-title elementor-size-default\">En solo<\/h2>\t\t\t\t<\/div>\n\t\t\t\t<\/div>\n\t\t\t\t<div class=\"elementor-element elementor-element-2566b66 elementor-widget elementor-widget-image\" data-id=\"2566b66\" data-element_type=\"widget\" data-e-type=\"widget\" data-widget_type=\"image.default\">\n\t\t\t\t<div class=\"elementor-widget-container\">\n\t\t\t\t\t\t\t\t\t\t\t\t\t\t\t<img decoding=\"async\" width=\"463\" height=\"362\" src=\"https:\/\/azcroisieres.fr\/wp-content\/uploads\/2024\/02\/Solo.jpg\" class=\"attachment-large size-large wp-image-42\" alt=\"\" srcset=\"https:\/\/azcroisieres.fr\/wp-content\/uploads\/2024\/02\/Solo.jpg 463w, https:\/\/azcroisieres.fr\/wp-content\/uploads\/2024\/02\/Solo-300x235.jpg 300w\" sizes=\"(max-width: 463px) 100vw, 463px\" \/>\t\t\t\t\t\t\t\t\t\t\t\t\t\t\t<\/div>\n\t\t\t\t<\/div>\n\t\t\t\t<\/div>\n\t\t<div class=\"elementor-element elementor-element-a58a1a0 e-con-full e-flex e-con e-child\" data-id=\"a58a1a0\" data-element_type=\"container\" data-e-type=\"container\">\n\t\t\t\t<div class=\"elementor-element elementor-element-c5d0fd8 elementor-invisible elementor-widget elementor-widget-heading\" data-id=\"c5d0fd8\" data-element_type=\"widget\" data-e-type=\"widget\" data-settings=\"{&quot;_animation&quot;:&quot;fadeInRight&quot;}\" data-widget_type=\"heading.default\">\n\t\t\t\t<div class=\"elementor-widget-container\">\n\t\t\t\t\t<h2 class=\"elementor-heading-title elementor-size-default\">Exp\u00e9ditions<\/h2>\t\t\t\t<\/div>\n\t\t\t\t<\/div>\n\t\t\t\t<div class=\"elementor-element elementor-element-262a714 elementor-widget elementor-widget-image\" data-id=\"262a714\" data-element_type=\"widget\" data-e-type=\"widget\" data-widget_type=\"image.default\">\n\t\t\t\t<div class=\"elementor-widget-container\">\n\t\t\t\t\t\t\t\t\t\t\t\t\t\t\t<img loading=\"lazy\" decoding=\"async\" width=\"296\" height=\"231\" src=\"https:\/\/azcroisieres.fr\/wp-content\/uploads\/2024\/02\/Expedition.jpg\" class=\"attachment-large size-large wp-image-39\" alt=\"\" \/>\t\t\t\t\t\t\t\t\t\t\t\t\t\t\t<\/div>\n\t\t\t\t<\/div>\n\t\t\t\t<\/div>\n\t\t\t\t\t<\/div>\n\t\t\t\t<\/div>\n\t\t<div class=\"elementor-element elementor-element-49371e1 e-flex e-con-boxed e-con e-parent\" data-id=\"49371e1\" data-element_type=\"container\" data-e-type=\"container\">\n\t\t\t\t\t<div class=\"e-con-inner\">\n\t\t\t\t<div class=\"elementor-element elementor-element-46fce8b elementor-widget elementor-widget-video\" data-id=\"46fce8b\" data-element_type=\"widget\" data-e-type=\"widget\" data-settings=\"{&quot;video_type&quot;:&quot;hosted&quot;,&quot;autoplay&quot;:&quot;yes&quot;,&quot;play_on_mobile&quot;:&quot;yes&quot;,&quot;controls&quot;:&quot;yes&quot;}\" data-widget_type=\"video.default\">\n\t\t\t\t<div class=\"elementor-widget-container\">\n\t\t\t\t\t\t\t<div class=\"e-hosted-video elementor-wrapper elementor-open-inline\">\n\t\t\t\t\t<video class=\"elementor-video\" src=\"https:\/\/azcroisieres.fr\/Videos\/TDM_2025.mp4\" autoplay=\"\" controls=\"\" playsinline=\"\" controlsList=\"nodownload\"><\/video>\n\t\t\t\t<\/div>\n\t\t\t\t\t\t<\/div>\n\t\t\t\t<\/div>\n\t\t\t\t\t<\/div>\n\t\t\t\t<\/div>\n\t\t<div class=\"elementor-element elementor-element-5425531 e-flex e-con-boxed e-con e-parent\" data-id=\"5425531\" data-element_type=\"container\" data-e-type=\"container\">\n\t\t\t\t\t<div class=\"e-con-inner\">\n\t\t<div class=\"elementor-element elementor-element-5738977 e-con-full e-flex e-con e-child\" data-id=\"5738977\" data-element_type=\"container\" data-e-type=\"container\">\n\t\t\t\t<div class=\"elementor-element elementor-element-5dc37e4 elementor-invisible elementor-widget elementor-widget-heading\" data-id=\"5dc37e4\" data-element_type=\"widget\" data-e-type=\"widget\" data-settings=\"{&quot;_animation&quot;:&quot;fadeInDown&quot;}\" data-widget_type=\"heading.default\">\n\t\t\t\t<div class=\"elementor-widget-container\">\n\t\t\t\t\t<h2 class=\"elementor-heading-title elementor-size-default\"><a href=\"https:\/\/azcroisieres.fr\/index.php\/caraibes\/\">Les Cara\u00efbes<\/a><\/h2>\t\t\t\t<\/div>\n\t\t\t\t<\/div>\n\t\t\t\t<div class=\"elementor-element elementor-element-fe28988 elementor-widget elementor-widget-image\" data-id=\"fe28988\" data-element_type=\"widget\" data-e-type=\"widget\" data-widget_type=\"image.default\">\n\t\t\t\t<div class=\"elementor-widget-container\">\n\t\t\t\t\t\t\t\t\t\t\t\t\t\t\t\t<a href=\"https:\/\/azcroisieres.fr\/index.php\/caraibes\/\">\n\t\t\t\t\t\t\t<img loading=\"lazy\" decoding=\"async\" width=\"579\" height=\"394\" src=\"https:\/\/azcroisieres.fr\/wp-content\/uploads\/2024\/02\/Caraibes.jpg\" class=\"attachment-large size-large wp-image-38\" alt=\"\" srcset=\"https:\/\/azcroisieres.fr\/wp-content\/uploads\/2024\/02\/Caraibes.jpg 579w, https:\/\/azcroisieres.fr\/wp-content\/uploads\/2024\/02\/Caraibes-300x204.jpg 300w\" sizes=\"(max-width: 579px) 100vw, 579px\" \/>\t\t\t\t\t\t\t\t<\/a>\n\t\t\t\t\t\t\t\t\t\t\t\t\t\t\t<\/div>\n\t\t\t\t<\/div>\n\t\t\t\t<\/div>\n\t\t<div class=\"elementor-element elementor-element-1bff7a3 e-con-full e-flex e-con e-child\" data-id=\"1bff7a3\" data-element_type=\"container\" data-e-type=\"container\">\n\t\t\t\t<div class=\"elementor-element elementor-element-d53d115 elementor-invisible elementor-widget elementor-widget-heading\" data-id=\"d53d115\" data-element_type=\"widget\" data-e-type=\"widget\" data-settings=\"{&quot;_animation&quot;:&quot;fadeInDown&quot;}\" data-widget_type=\"heading.default\">\n\t\t\t\t<div class=\"elementor-widget-container\">\n\t\t\t\t\t<h2 class=\"elementor-heading-title elementor-size-default\"><a href=\"https:\/\/azcroisieres.fr\/index.php\/fjords\/\">Les Fjords<\/a><\/h2>\t\t\t\t<\/div>\n\t\t\t\t<\/div>\n\t\t\t\t<div class=\"elementor-element elementor-element-388b6c7 elementor-widget elementor-widget-image\" data-id=\"388b6c7\" data-element_type=\"widget\" data-e-type=\"widget\" data-widget_type=\"image.default\">\n\t\t\t\t<div class=\"elementor-widget-container\">\n\t\t\t\t\t\t\t\t\t\t\t\t\t\t\t\t<a href=\"https:\/\/azcroisieres.fr\/index.php\/fjords\/\">\n\t\t\t\t\t\t\t<img loading=\"lazy\" decoding=\"async\" width=\"580\" height=\"393\" src=\"https:\/\/azcroisieres.fr\/wp-content\/uploads\/2024\/02\/Fjords.jpg\" class=\"attachment-large size-large wp-image-40\" alt=\"\" srcset=\"https:\/\/azcroisieres.fr\/wp-content\/uploads\/2024\/02\/Fjords.jpg 580w, https:\/\/azcroisieres.fr\/wp-content\/uploads\/2024\/02\/Fjords-300x203.jpg 300w\" sizes=\"(max-width: 580px) 100vw, 580px\" \/>\t\t\t\t\t\t\t\t<\/a>\n\t\t\t\t\t\t\t\t\t\t\t\t\t\t\t<\/div>\n\t\t\t\t<\/div>\n\t\t\t\t<\/div>\n\t\t\t\t\t<\/div>\n\t\t\t\t<\/div>\n\t\t<div class=\"elementor-element elementor-element-3aa68a8 e-con-full e-flex e-con e-parent\" data-id=\"3aa68a8\" data-element_type=\"container\" data-e-type=\"container\">\n\t\t\t\t<div class=\"elementor-element elementor-element-8255272 elementor-widget__width-inherit elementor-widget elementor-widget-heading\" data-id=\"8255272\" data-element_type=\"widget\" data-e-type=\"widget\" data-widget_type=\"heading.default\">\n\t\t\t\t<div class=\"elementor-widget-container\">\n\t\t\t\t\t<h2 class=\"elementor-heading-title elementor-size-default\">Nos services<\/h2>\t\t\t\t<\/div>\n\t\t\t\t<\/div>\n\t\t\t\t<\/div>\n\t\t<div class=\"elementor-element elementor-element-e3a8a53 e-con-full e-flex e-con e-parent\" data-id=\"e3a8a53\" data-element_type=\"container\" data-e-type=\"container\">\n\t\t<div class=\"elementor-element elementor-element-005caba e-con-full e-flex e-con e-child\" data-id=\"005caba\" data-element_type=\"container\" data-e-type=\"container\">\n\t\t\t\t<div class=\"elementor-element elementor-element-da99caf elementor-widget elementor-widget-image\" data-id=\"da99caf\" data-element_type=\"widget\" data-e-type=\"widget\" data-widget_type=\"image.default\">\n\t\t\t\t<div class=\"elementor-widget-container\">\n\t\t\t\t\t\t\t\t\t\t\t\t\t\t\t<img loading=\"lazy\" decoding=\"async\" width=\"640\" height=\"404\" src=\"https:\/\/azcroisieres.fr\/wp-content\/uploads\/2024\/02\/aircraft-1362586_1280-1024x646.jpg\" class=\"attachment-large size-large wp-image-103\" alt=\"\" srcset=\"https:\/\/azcroisieres.fr\/wp-content\/uploads\/2024\/02\/aircraft-1362586_1280-1024x646.jpg 1024w, https:\/\/azcroisieres.fr\/wp-content\/uploads\/2024\/02\/aircraft-1362586_1280-300x189.jpg 300w, https:\/\/azcroisieres.fr\/wp-content\/uploads\/2024\/02\/aircraft-1362586_1280-768x484.jpg 768w, https:\/\/azcroisieres.fr\/wp-content\/uploads\/2024\/02\/aircraft-1362586_1280.jpg 1280w\" sizes=\"(max-width: 640px) 100vw, 640px\" \/>\t\t\t\t\t\t\t\t\t\t\t\t\t\t\t<\/div>\n\t\t\t\t<\/div>\n\t\t\t\t<div class=\"elementor-element elementor-element-1a3b907 elementor-invisible elementor-widget elementor-widget-heading\" data-id=\"1a3b907\" data-element_type=\"widget\" data-e-type=\"widget\" data-settings=\"{&quot;_animation&quot;:&quot;fadeInDown&quot;}\" data-widget_type=\"heading.default\">\n\t\t\t\t<div class=\"elementor-widget-container\">\n\t\t\t\t\t<h5 class=\"elementor-heading-title elementor-size-default\">Vols propos\u00e9s<\/h5>\t\t\t\t<\/div>\n\t\t\t\t<\/div>\n\t\t\t\t<\/div>\n\t\t<div class=\"elementor-element elementor-element-92c9cee e-con-full e-flex e-con e-child\" data-id=\"92c9cee\" data-element_type=\"container\" data-e-type=\"container\">\n\t\t\t\t<div class=\"elementor-element elementor-element-22a4363 elementor-widget elementor-widget-image\" data-id=\"22a4363\" data-element_type=\"widget\" data-e-type=\"widget\" data-widget_type=\"image.default\">\n\t\t\t\t<div class=\"elementor-widget-container\">\n\t\t\t\t\t\t\t\t\t\t\t\t\t\t\t<img loading=\"lazy\" decoding=\"async\" width=\"640\" height=\"426\" src=\"https:\/\/azcroisieres.fr\/wp-content\/uploads\/2024\/02\/luggage-1149289_1280-1024x682.jpg\" class=\"attachment-large size-large wp-image-102\" alt=\"\" srcset=\"https:\/\/azcroisieres.fr\/wp-content\/uploads\/2024\/02\/luggage-1149289_1280-1024x682.jpg 1024w, https:\/\/azcroisieres.fr\/wp-content\/uploads\/2024\/02\/luggage-1149289_1280-300x200.jpg 300w, https:\/\/azcroisieres.fr\/wp-content\/uploads\/2024\/02\/luggage-1149289_1280-768x512.jpg 768w, https:\/\/azcroisieres.fr\/wp-content\/uploads\/2024\/02\/luggage-1149289_1280.jpg 1280w\" sizes=\"(max-width: 640px) 100vw, 640px\" \/>\t\t\t\t\t\t\t\t\t\t\t\t\t\t\t<\/div>\n\t\t\t\t<\/div>\n\t\t\t\t<div class=\"elementor-element elementor-element-30c3ebe elementor-invisible elementor-widget elementor-widget-heading\" data-id=\"30c3ebe\" data-element_type=\"widget\" data-e-type=\"widget\" data-settings=\"{&quot;_animation&quot;:&quot;fadeInDown&quot;}\" data-widget_type=\"heading.default\">\n\t\t\t\t<div class=\"elementor-widget-container\">\n\t\t\t\t\t<h5 class=\"elementor-heading-title elementor-size-default\">Gestion de vos visas<\/h5>\t\t\t\t<\/div>\n\t\t\t\t<\/div>\n\t\t\t\t<\/div>\n\t\t<div class=\"elementor-element elementor-element-45f947a e-con-full e-flex e-con e-child\" data-id=\"45f947a\" data-element_type=\"container\" data-e-type=\"container\">\n\t\t\t\t<div class=\"elementor-element elementor-element-78b35b4 elementor-widget elementor-widget-image\" data-id=\"78b35b4\" data-element_type=\"widget\" data-e-type=\"widget\" data-widget_type=\"image.default\">\n\t\t\t\t<div class=\"elementor-widget-container\">\n\t\t\t\t\t\t\t\t\t\t\t\t\t\t\t<img loading=\"lazy\" decoding=\"async\" width=\"640\" height=\"426\" src=\"https:\/\/azcroisieres.fr\/wp-content\/uploads\/2024\/02\/go-pro-1478810_1280-1024x682.jpg\" class=\"attachment-large size-large wp-image-105\" alt=\"\" srcset=\"https:\/\/azcroisieres.fr\/wp-content\/uploads\/2024\/02\/go-pro-1478810_1280-1024x682.jpg 1024w, https:\/\/azcroisieres.fr\/wp-content\/uploads\/2024\/02\/go-pro-1478810_1280-300x200.jpg 300w, https:\/\/azcroisieres.fr\/wp-content\/uploads\/2024\/02\/go-pro-1478810_1280-768x512.jpg 768w, https:\/\/azcroisieres.fr\/wp-content\/uploads\/2024\/02\/go-pro-1478810_1280.jpg 1280w\" sizes=\"(max-width: 640px) 100vw, 640px\" \/>\t\t\t\t\t\t\t\t\t\t\t\t\t\t\t<\/div>\n\t\t\t\t<\/div>\n\t\t\t\t<div class=\"elementor-element elementor-element-65b81b9 elementor-invisible elementor-widget elementor-widget-heading\" data-id=\"65b81b9\" data-element_type=\"widget\" data-e-type=\"widget\" data-settings=\"{&quot;_animation&quot;:&quot;fadeInDown&quot;}\" data-widget_type=\"heading.default\">\n\t\t\t\t<div class=\"elementor-widget-container\">\n\t\t\t\t\t<h5 class=\"elementor-heading-title elementor-size-default\">Un service clients d\u00e9di\u00e9<\/h5>\t\t\t\t<\/div>\n\t\t\t\t<\/div>\n\t\t\t\t<\/div>\n\t\t\t\t<\/div>\n\t\t<div class=\"elementor-element elementor-element-68c85dd e-flex e-con-boxed e-con e-parent\" data-id=\"68c85dd\" data-element_type=\"container\" data-e-type=\"container\">\n\t\t\t\t\t<div class=\"e-con-inner\">\n\t\t\t\t\t<\/div>\n\t\t\t\t<\/div>\n\t\t\t\t<\/div>\n\t\t","protected":false},"excerpt":{"rendered":"<p>Trouvez votre voyage par Destination Tour du Monde Medit\u00e9rann\u00e9e En solo Exp\u00e9ditions https:\/\/azcroisieres.fr\/Videos\/TDM_2025.mp4 Les Cara\u00efbes Les Fjords Nos services Vols propos\u00e9s Gestion de vos visas Un service clients d\u00e9di\u00e9<\/p>\n","protected":false},"author":1,"featured_media":0,"parent":0,"menu_order":0,"comment_status":"closed","ping_status":"open","template":"elementor_header_footer","meta":{"_joinchat":[],"footnotes":""},"class_list":["post-2","page","type-page","status-publish","hentry"],"_links":{"self":[{"href":"https:\/\/azcroisieres.fr\/index.php\/wp-json\/wp\/v2\/pages\/2","targetHints":{"allow":["GET"]}}],"collection":[{"href":"https:\/\/azcroisieres.fr\/index.php\/wp-json\/wp\/v2\/pages"}],"about":[{"href":"https:\/\/azcroisieres.fr\/index.php\/wp-json\/wp\/v2\/types\/page"}],"author":[{"embeddable":true,"href":"https:\/\/azcroisieres.fr\/index.php\/wp-json\/wp\/v2\/users\/1"}],"replies":[{"embeddable":true,"href":"https:\/\/azcroisieres.fr\/index.php\/wp-json\/wp\/v2\/comments?post=2"}],"version-history":[{"count":67,"href":"https:\/\/azcroisieres.fr\/index.php\/wp-json\/wp\/v2\/pages\/2\/revisions"}],"predecessor-version":[{"id":178,"href":"https:\/\/azcroisieres.fr\/index.php\/wp-json\/wp\/v2\/pages\/2\/revisions\/178"}],"wp:attachment":[{"href":"https:\/\/azcroisieres.fr\/index.php\/wp-json\/wp\/v2\/media?parent=2"}],"curies":[{"name":"wp","href":"https:\/\/api.w.org\/{rel}","templated":true}]}}