{"id":239,"date":"2024-09-06T18:54:57","date_gmt":"2024-09-06T18:54:57","guid":{"rendered":"https:\/\/azcroisieres.fr\/?page_id=239"},"modified":"2024-09-08T19:00:11","modified_gmt":"2024-09-08T19:00:11","slug":"antarctique","status":"publish","type":"page","link":"https:\/\/azcroisieres.fr\/index.php\/antarctique\/","title":{"rendered":"Antarctique"},"content":{"rendered":"\t\t<div data-elementor-type=\"wp-page\" data-elementor-id=\"239\" class=\"elementor elementor-239\">\n\t\t\t\t<div class=\"elementor-element elementor-element-4433802 e-con-full e-flex e-con e-parent\" data-id=\"4433802\" data-element_type=\"container\" data-e-type=\"container\">\n\t\t\t\t<\/div>\n\t\t<div class=\"elementor-element elementor-element-6c61f45 e-flex e-con-boxed e-con e-parent\" data-id=\"6c61f45\" data-element_type=\"container\" data-e-type=\"container\" data-settings=\"{&quot;background_background&quot;:&quot;classic&quot;}\">\n\t\t\t\t\t<div class=\"e-con-inner\">\n\t\t<div class=\"elementor-element elementor-element-4e7d2d7 e-con-full e-flex e-con e-child\" data-id=\"4e7d2d7\" data-element_type=\"container\" data-e-type=\"container\">\n\t\t\t\t<div class=\"elementor-element elementor-element-64818ca elementor-widget-divider--view-line elementor-widget elementor-widget-divider\" data-id=\"64818ca\" data-element_type=\"widget\" data-e-type=\"widget\" data-widget_type=\"divider.default\">\n\t\t\t\t<div class=\"elementor-widget-container\">\n\t\t\t\t\t\t\t<div class=\"elementor-divider\">\n\t\t\t<span class=\"elementor-divider-separator\">\n\t\t\t\t\t\t<\/span>\n\t\t<\/div>\n\t\t\t\t\t\t<\/div>\n\t\t\t\t<\/div>\n\t\t\t\t<\/div>\n\t\t<div class=\"elementor-element elementor-element-290cd61 e-con-full e-flex e-con e-child\" data-id=\"290cd61\" data-element_type=\"container\" data-e-type=\"container\">\n\t\t\t\t<div class=\"elementor-element elementor-element-9c88ee4 elementor-widget elementor-widget-heading\" data-id=\"9c88ee4\" data-element_type=\"widget\" data-e-type=\"widget\" data-widget_type=\"heading.default\">\n\t\t\t\t<div class=\"elementor-widget-container\">\n\t\t\t\t\t<h2 class=\"elementor-heading-title elementor-size-default\"><h1 style=\"font-family: LatoLatinWebLight;line-height: 1em;font-size: 1.25em;margin-bottom: 0.5rem;text-transform: none\">Les manchots empereurs de la mer de Weddell : un voyage unique en Antarctique<span style=\"font-family: var( --e-global-typography-primary-font-family ), Sans-serif;font-size: calc(1.325rem + 0.9vw);font-weight: var( --e-global-typography-primary-font-weight );text-transform: capitalize\"><\/span><\/h1><\/h2>\t\t\t\t<\/div>\n\t\t\t\t<\/div>\n\t\t\t\t<\/div>\n\t\t<div class=\"elementor-element elementor-element-cc8e355 e-con-full e-flex e-con e-child\" data-id=\"cc8e355\" data-element_type=\"container\" data-e-type=\"container\">\n\t\t\t\t<div class=\"elementor-element elementor-element-2c6c61e elementor-widget-divider--view-line elementor-widget elementor-widget-divider\" data-id=\"2c6c61e\" data-element_type=\"widget\" data-e-type=\"widget\" data-widget_type=\"divider.default\">\n\t\t\t\t<div class=\"elementor-widget-container\">\n\t\t\t\t\t\t\t<div class=\"elementor-divider\">\n\t\t\t<span class=\"elementor-divider-separator\">\n\t\t\t\t\t\t<\/span>\n\t\t<\/div>\n\t\t\t\t\t\t<\/div>\n\t\t\t\t<\/div>\n\t\t\t\t<\/div>\n\t\t\t\t\t<\/div>\n\t\t\t\t<\/div>\n\t\t<div class=\"elementor-element elementor-element-af9ca0f e-con-full e-flex e-con e-parent\" data-id=\"af9ca0f\" data-element_type=\"container\" data-e-type=\"container\">\n\t\t<div class=\"elementor-element elementor-element-e53eaa4 e-con-full e-flex e-con e-child\" data-id=\"e53eaa4\" data-element_type=\"container\" data-e-type=\"container\">\n\t\t\t\t<div class=\"elementor-element elementor-element-0bf087a elementor-widget elementor-widget-image\" data-id=\"0bf087a\" data-element_type=\"widget\" data-e-type=\"widget\" data-widget_type=\"image.default\">\n\t\t\t\t<div class=\"elementor-widget-container\">\n\t\t\t\t\t\t\t\t\t\t\t\t\t\t\t<img fetchpriority=\"high\" decoding=\"async\" width=\"640\" height=\"425\" src=\"https:\/\/azcroisieres.fr\/wp-content\/uploads\/2024\/09\/antarctica-8109879_1280-1024x680.jpg\" class=\"attachment-large size-large wp-image-250\" alt=\"\" srcset=\"https:\/\/azcroisieres.fr\/wp-content\/uploads\/2024\/09\/antarctica-8109879_1280-1024x680.jpg 1024w, https:\/\/azcroisieres.fr\/wp-content\/uploads\/2024\/09\/antarctica-8109879_1280-300x199.jpg 300w, https:\/\/azcroisieres.fr\/wp-content\/uploads\/2024\/09\/antarctica-8109879_1280-768x510.jpg 768w, https:\/\/azcroisieres.fr\/wp-content\/uploads\/2024\/09\/antarctica-8109879_1280.jpg 1280w\" sizes=\"(max-width: 640px) 100vw, 640px\" \/>\t\t\t\t\t\t\t\t\t\t\t\t\t\t\t<\/div>\n\t\t\t\t<\/div>\n\t\t\t\t<\/div>\n\t\t<div class=\"elementor-element elementor-element-5f86442 e-con-full e-flex e-con e-child\" data-id=\"5f86442\" data-element_type=\"container\" data-e-type=\"container\">\n\t\t\t\t<div class=\"elementor-element elementor-element-7a3abd7 elementor-widget elementor-widget-text-editor\" data-id=\"7a3abd7\" data-element_type=\"widget\" data-e-type=\"widget\" data-widget_type=\"text-editor.default\">\n\t\t\t\t<div class=\"elementor-widget-container\">\n\t\t\t\t\t\t\t\t\t<p><strong>Destination \u00e9poustouflante<\/strong> : Naviguez vers l&rsquo;Antarctique, \u00e0 travers la mer de Weddell, un territoire sauvage et glac\u00e9, o\u00f9 seuls les plus intr\u00e9pides aventuriers s\u2019aventurent.<\/p><p><strong>Rencontres avec les manchots empereurs<\/strong> : Observez la plus grande colonie de manchots empereurs dans leur habitat naturel, une exp\u00e9rience rare et fascinante. Rencontrez \u00e9galement des phoques, des baleines et une faune exceptionnelle.<\/p><p><strong>Luxe \u00e0 bord<\/strong> : \u00c0 bord du navire Ponant, profitez d\u2019un confort in\u00e9gal\u00e9 tout en explorant cette r\u00e9gion isol\u00e9e.<\/p><p><strong>AZ Croisi\u00e8res<\/strong> : Nous offrons un accompagnement personnalis\u00e9, des tarifs exclusifs et une exp\u00e9rience sur mesure pour ce voyage d&rsquo;exception.<\/p>\t\t\t\t\t\t\t\t<\/div>\n\t\t\t\t<\/div>\n\t\t\t\t<\/div>\n\t\t\t\t<\/div>\n\t\t<div class=\"elementor-element elementor-element-32d267b e-con-full e-flex e-con e-parent\" data-id=\"32d267b\" data-element_type=\"container\" data-e-type=\"container\" data-settings=\"{&quot;background_background&quot;:&quot;classic&quot;}\">\n\t\t\t\t<div class=\"elementor-element elementor-element-69fc766 elementor-widget elementor-widget-text-editor\" data-id=\"69fc766\" data-element_type=\"widget\" data-e-type=\"widget\" data-widget_type=\"text-editor.default\">\n\t\t\t\t<div class=\"elementor-widget-container\">\n\t\t\t\t\t\t\t\t\t<h3>1. <strong>Luxe \u00e0 la fran\u00e7aise avec Ponant<\/strong><\/h3><ul><li><strong>Croisi\u00e8res intimistes<\/strong> : Ponant se distingue par ses navires de petite capacit\u00e9, permettant une atmosph\u00e8re exclusive et raffin\u00e9e.<\/li><li><strong>Service 5 \u00e9toiles<\/strong> : L&rsquo;\u00e9quipage est reconnu pour son service attentionn\u00e9 et personnalis\u00e9, r\u00e9pondant \u00e0 chaque besoin avec discr\u00e9tion.<\/li><li><strong>Cuisine gastronomique<\/strong> : Les croisi\u00e8res Ponant mettent \u00e0 l&rsquo;honneur la gastronomie fran\u00e7aise avec des chefs \u00e9toil\u00e9s \u00e0 bord.<\/li><\/ul><h3>2. <strong>Une destination unique<\/strong><\/h3><ul><li><strong>D\u00e9couverte de sites inaccessibles<\/strong> : Les navires de petite taille permettent d\u2019acc\u00e9der \u00e0 des ports plus isol\u00e9s et \u00e0 des lieux rarement visit\u00e9s par d&rsquo;autres compagnies.<\/li><li><strong>Exp\u00e9riences immersives<\/strong> : Excursions uniques, telles que des visites guid\u00e9es avec des experts locaux, des plong\u00e9es dans des lagons recul\u00e9s ou des rencontres avec des communaut\u00e9s locales.<\/li><li><strong>Respect de l\u2019environnement<\/strong> : Ponant s&rsquo;engage dans une d\u00e9marche de tourisme durable, avec des navires respectueux des \u00e9cosyst\u00e8mes visit\u00e9s.<\/li><\/ul><h3>3. <strong>Avantages exclusifs avec AZ Croisi\u00e8res<\/strong><\/h3><ul><li><strong>Accompagnement de A \u00e0 Z<\/strong> : AZ Croisi\u00e8res prend en charge chaque \u00e9tape de votre voyage, depuis la r\u00e9servation jusqu&rsquo;\u00e0 votre retour, garantissant une tranquillit\u00e9 d&rsquo;esprit totale.<\/li><li><strong>Tarifs pr\u00e9f\u00e9rentiels<\/strong> : En r\u00e9servant avec nous, vous b\u00e9n\u00e9ficiez de prix exclusifs n\u00e9goci\u00e9s sp\u00e9cialement pour nos clients.<\/li><li><strong>Personnalisation du voyage<\/strong> : Nous vous aidons \u00e0 personnaliser chaque aspect de votre croisi\u00e8re, des excursions aux activit\u00e9s \u00e0 bord, en fonction de vos envies.<\/li><\/ul><h3>4. <strong>Exp\u00e9rience \u00e0 bord inoubliable<\/strong><\/h3><ul><li><strong>Cabines \u00e9l\u00e9gantes avec vue imprenable<\/strong> : Toutes les cabines offrent des panoramas spectaculaires sur les paysages travers\u00e9s.<\/li><li><strong>Activit\u00e9s vari\u00e9es<\/strong> : Fitness, spa, piscines \u00e0 d\u00e9bordement, ou encore soir\u00e9es anim\u00e9es pour rendre chaque moment inoubliable.<\/li><li><strong>Rencontres enrichissantes<\/strong> : Ponant organise r\u00e9guli\u00e8rement des conf\u00e9rences avec des experts, des naturalistes, et des explorateurs pour enrichir l\u2019exp\u00e9rience.<\/li><\/ul>\t\t\t\t\t\t\t\t<\/div>\n\t\t\t\t<\/div>\n\t\t\t\t<\/div>\n\t\t<div class=\"elementor-element elementor-element-3aa68a8 e-con-full e-flex e-con e-parent\" data-id=\"3aa68a8\" data-element_type=\"container\" data-e-type=\"container\">\n\t\t\t\t<div class=\"elementor-element elementor-element-8255272 elementor-widget__width-inherit elementor-widget elementor-widget-heading\" data-id=\"8255272\" data-element_type=\"widget\" data-e-type=\"widget\" data-widget_type=\"heading.default\">\n\t\t\t\t<div class=\"elementor-widget-container\">\n\t\t\t\t\t<h2 class=\"elementor-heading-title elementor-size-default\">Nos services<\/h2>\t\t\t\t<\/div>\n\t\t\t\t<\/div>\n\t\t\t\t<\/div>\n\t\t<div class=\"elementor-element elementor-element-e3a8a53 e-con-full e-flex e-con e-parent\" data-id=\"e3a8a53\" data-element_type=\"container\" data-e-type=\"container\">\n\t\t<div class=\"elementor-element elementor-element-005caba e-con-full e-flex e-con e-child\" data-id=\"005caba\" data-element_type=\"container\" data-e-type=\"container\">\n\t\t\t\t<div class=\"elementor-element elementor-element-659f0ec elementor-widget elementor-widget-image\" data-id=\"659f0ec\" data-element_type=\"widget\" data-e-type=\"widget\" data-widget_type=\"image.default\">\n\t\t\t\t<div class=\"elementor-widget-container\">\n\t\t\t\t\t\t\t\t\t\t\t\t\t\t\t<img decoding=\"async\" width=\"640\" height=\"404\" src=\"https:\/\/azcroisieres.fr\/wp-content\/uploads\/2024\/02\/aircraft-1362586_1280-1024x646.jpg\" class=\"attachment-large size-large wp-image-103\" alt=\"\" srcset=\"https:\/\/azcroisieres.fr\/wp-content\/uploads\/2024\/02\/aircraft-1362586_1280-1024x646.jpg 1024w, https:\/\/azcroisieres.fr\/wp-content\/uploads\/2024\/02\/aircraft-1362586_1280-300x189.jpg 300w, https:\/\/azcroisieres.fr\/wp-content\/uploads\/2024\/02\/aircraft-1362586_1280-768x484.jpg 768w, https:\/\/azcroisieres.fr\/wp-content\/uploads\/2024\/02\/aircraft-1362586_1280.jpg 1280w\" sizes=\"(max-width: 640px) 100vw, 640px\" \/>\t\t\t\t\t\t\t\t\t\t\t\t\t\t\t<\/div>\n\t\t\t\t<\/div>\n\t\t\t\t<div class=\"elementor-element elementor-element-f83f91e elementor-widget elementor-widget-heading\" data-id=\"f83f91e\" data-element_type=\"widget\" data-e-type=\"widget\" data-widget_type=\"heading.default\">\n\t\t\t\t<div class=\"elementor-widget-container\">\n\t\t\t\t\t<h5 class=\"elementor-heading-title elementor-size-default\">Vols propos\u00e9s<\/h5>\t\t\t\t<\/div>\n\t\t\t\t<\/div>\n\t\t\t\t<\/div>\n\t\t<div class=\"elementor-element elementor-element-92c9cee e-con-full e-flex e-con e-child\" data-id=\"92c9cee\" data-element_type=\"container\" data-e-type=\"container\">\n\t\t\t\t<div class=\"elementor-element elementor-element-d45fb50 elementor-widget elementor-widget-image\" data-id=\"d45fb50\" data-element_type=\"widget\" data-e-type=\"widget\" data-widget_type=\"image.default\">\n\t\t\t\t<div class=\"elementor-widget-container\">\n\t\t\t\t\t\t\t\t\t\t\t\t\t\t\t<img decoding=\"async\" width=\"640\" height=\"426\" src=\"https:\/\/azcroisieres.fr\/wp-content\/uploads\/2024\/02\/luggage-1149289_1280-1024x682.jpg\" class=\"attachment-large size-large wp-image-102\" alt=\"\" srcset=\"https:\/\/azcroisieres.fr\/wp-content\/uploads\/2024\/02\/luggage-1149289_1280-1024x682.jpg 1024w, https:\/\/azcroisieres.fr\/wp-content\/uploads\/2024\/02\/luggage-1149289_1280-300x200.jpg 300w, https:\/\/azcroisieres.fr\/wp-content\/uploads\/2024\/02\/luggage-1149289_1280-768x512.jpg 768w, https:\/\/azcroisieres.fr\/wp-content\/uploads\/2024\/02\/luggage-1149289_1280.jpg 1280w\" sizes=\"(max-width: 640px) 100vw, 640px\" \/>\t\t\t\t\t\t\t\t\t\t\t\t\t\t\t<\/div>\n\t\t\t\t<\/div>\n\t\t\t\t<div class=\"elementor-element elementor-element-8db2412 elementor-widget elementor-widget-heading\" data-id=\"8db2412\" data-element_type=\"widget\" data-e-type=\"widget\" data-widget_type=\"heading.default\">\n\t\t\t\t<div class=\"elementor-widget-container\">\n\t\t\t\t\t<h5 class=\"elementor-heading-title elementor-size-default\">Gestion de vos Visas<\/h5>\t\t\t\t<\/div>\n\t\t\t\t<\/div>\n\t\t\t\t<\/div>\n\t\t<div class=\"elementor-element elementor-element-45f947a e-con-full e-flex e-con e-child\" data-id=\"45f947a\" data-element_type=\"container\" data-e-type=\"container\">\n\t\t\t\t<div class=\"elementor-element elementor-element-3f05d98 elementor-widget__width-initial elementor-widget elementor-widget-image\" data-id=\"3f05d98\" data-element_type=\"widget\" data-e-type=\"widget\" data-widget_type=\"image.default\">\n\t\t\t\t<div class=\"elementor-widget-container\">\n\t\t\t\t\t\t\t\t\t\t\t\t\t\t\t<img loading=\"lazy\" decoding=\"async\" width=\"1280\" height=\"853\" src=\"https:\/\/azcroisieres.fr\/wp-content\/uploads\/2024\/02\/go-pro-1478810_1280.jpg\" class=\"attachment-full size-full wp-image-105\" alt=\"\" srcset=\"https:\/\/azcroisieres.fr\/wp-content\/uploads\/2024\/02\/go-pro-1478810_1280.jpg 1280w, https:\/\/azcroisieres.fr\/wp-content\/uploads\/2024\/02\/go-pro-1478810_1280-300x200.jpg 300w, https:\/\/azcroisieres.fr\/wp-content\/uploads\/2024\/02\/go-pro-1478810_1280-1024x682.jpg 1024w, https:\/\/azcroisieres.fr\/wp-content\/uploads\/2024\/02\/go-pro-1478810_1280-768x512.jpg 768w\" sizes=\"(max-width: 1280px) 100vw, 1280px\" \/>\t\t\t\t\t\t\t\t\t\t\t\t\t\t\t<\/div>\n\t\t\t\t<\/div>\n\t\t\t\t<div class=\"elementor-element elementor-element-11dbfce elementor-widget elementor-widget-heading\" data-id=\"11dbfce\" data-element_type=\"widget\" data-e-type=\"widget\" data-widget_type=\"heading.default\">\n\t\t\t\t<div class=\"elementor-widget-container\">\n\t\t\t\t\t<h5 class=\"elementor-heading-title elementor-size-default\">Un service clients d\u00e9di\u00e9<\/h5>\t\t\t\t<\/div>\n\t\t\t\t<\/div>\n\t\t\t\t<\/div>\n\t\t\t\t<\/div>\n\t\t\t\t<\/div>\n\t\t","protected":false},"excerpt":{"rendered":"<p>Les manchots empereurs de la mer de Weddell : un voyage unique en Antarctique Destination \u00e9poustouflante : Naviguez vers l&rsquo;Antarctique, \u00e0 travers la mer de Weddell, un territoire sauvage et glac\u00e9, o\u00f9 seuls les plus intr\u00e9pides aventuriers s\u2019aventurent. Rencontres avec les manchots empereurs : Observez la plus grande colonie de manchots empereurs dans leur habitat [&hellip;]<\/p>\n","protected":false},"author":1,"featured_media":0,"parent":0,"menu_order":0,"comment_status":"closed","ping_status":"closed","template":"elementor_header_footer","meta":{"_joinchat":[],"footnotes":""},"class_list":["post-239","page","type-page","status-publish","hentry"],"_links":{"self":[{"href":"https:\/\/azcroisieres.fr\/index.php\/wp-json\/wp\/v2\/pages\/239","targetHints":{"allow":["GET"]}}],"collection":[{"href":"https:\/\/azcroisieres.fr\/index.php\/wp-json\/wp\/v2\/pages"}],"about":[{"href":"https:\/\/azcroisieres.fr\/index.php\/wp-json\/wp\/v2\/types\/page"}],"author":[{"embeddable":true,"href":"https:\/\/azcroisieres.fr\/index.php\/wp-json\/wp\/v2\/users\/1"}],"replies":[{"embeddable":true,"href":"https:\/\/azcroisieres.fr\/index.php\/wp-json\/wp\/v2\/comments?post=239"}],"version-history":[{"count":9,"href":"https:\/\/azcroisieres.fr\/index.php\/wp-json\/wp\/v2\/pages\/239\/revisions"}],"predecessor-version":[{"id":253,"href":"https:\/\/azcroisieres.fr\/index.php\/wp-json\/wp\/v2\/pages\/239\/revisions\/253"}],"wp:attachment":[{"href":"https:\/\/azcroisieres.fr\/index.php\/wp-json\/wp\/v2\/media?parent=239"}],"curies":[{"name":"wp","href":"https:\/\/api.w.org\/{rel}","templated":true}]}}